{"id":105,"date":"2012-12-22T13:35:44","date_gmt":"2012-12-22T12:35:44","guid":{"rendered":"http:\/\/popracypolesie.urszulin.eu\/?page_id=105"},"modified":"2012-12-22T16:16:39","modified_gmt":"2012-12-22T15:16:39","slug":"eko-fest-dni-kultury-ekologicznej-2012","status":"publish","type":"page","link":"https:\/\/popracypolesie.urszulin.eu\/?page_id=105","title":{"rendered":"Eko Fest Dni Kultury Ekologicznej 2012"},"content":{"rendered":"<h4 align=\"CENTER\"><span style=\"color: #515151;\"><strong>\u201e<span style=\"font-family: Times New Roman,serif;\"><span style=\"font-size: large;\">Eko Fest \u2013 Dni Kultury Ekologicznej 2012\u201d<\/span><\/span><\/strong><\/span><\/h4>\n<h4 align=\"CENTER\"><span style=\"color: #515151;\"><br \/>\n<\/span><\/h4>\n<p align=\"JUSTIFY\"><span style=\"font-family: Times New Roman,serif; color: #515151;\"><span style=\"font-size: medium;\">W dniach 7-8 lipca 2012 r. odby\u0142a si\u0119 jedna z imprez promuj\u0105cych ekologi\u0119, zdrowy tryb \u017cycia i walory przyrodniczo \u2013 kulturowe Gminy Urszulin, EKO FEST Dni Kultury Ekologicznej 2012.<\/span><\/span><\/p>\n<p align=\"JUSTIFY\"><span style=\"font-family: Times New Roman,serif; color: #515151;\"><span style=\"font-size: medium;\">Impreza jest cz\u0119\u015bci\u0105  projektu \u201eUrszulin \u2013 po pracy, Polesie promocja marki lokalnej jako cz\u0119\u015bci marki regionu\u201d wsp\u00f3\u0142finansowanego w ramach Regionalnego Programu Operacyjnego dla Wojew\u00f3dztwa Lubelskiego na lata 2007-2013.<\/span><\/span><\/p>\n<p align=\"JUSTIFY\"><span style=\"font-family: Times New Roman,serif; color: #515151;\"><span style=\"font-size: medium;\">Motywem przewodnim imprezy by\u0142o propagowanie idei ekologii i postaw proekologicznych. Dzi\u0119ki wsparciu funduszy europejskich oraz zaanga\u017cowaniu organizator\u00f3w i pracownik\u00f3w Gminy Urszulin uda\u0142o si\u0119 stworzy\u0107 bogaty program artystyczny. Trwaj\u0105ca dwa dni impreza obfitowa\u0142a w wiele atrakcji, m.in. konkursy, pokazy, warsztaty muzyczne i koncerty. Kreatywno\u015b\u0107 dzieci i m\u0142odzie\u017cy przedstawiaj\u0105cych  swoje prace wykonane z materia\u0142\u00f3w pochodz\u0105cych z recyklingu zyska\u0142y uznanie publiczno\u015bci.<\/span><\/span><\/p>\n<p align=\"JUSTIFY\"><span style=\"font-family: Times New Roman,serif; color: #515151;\"><span style=\"font-size: medium;\">Cz\u0119\u015b\u0107 artystyczn\u0105 uwie\u0144czy\u0142y Poleskie spotkania artystyczne, na kt\u00f3rych zaprezentowa\u0142y si\u0119 zespo\u0142y graj\u0105ce \u017cywio\u0142ow\u0105 i ciekaw\u0105 folkow\u0105 muzyk\u0119 m.in.: Drewutnia i Orkiestra \u015awi\u0119tego Miko\u0142aja oraz gwiazda wieczoru laureatka festiwali Sopot Top Trendy i Opole 2012, \u201eJULA\u201d. Pomimo lej\u0105cego si\u0119 \u017caru z nieba go\u015bcie dopisali, tak miejscowi jak i przyjezdni. W\u015br\u00f3d uczestnik\u00f3w panowa\u0142a przyjazna atmosfera, go\u015bcie bawili si\u0119 przednio do p\u00f3\u017anych godzin nocnych.<\/span><\/span><\/p>\n<p align=\"JUSTIFY\"><span style=\"font-family: Times New Roman,serif; color: #515151;\"><span style=\"font-size: medium;\">Poni\u017cej prezentujemy zdj\u0119cia z imprezy.<\/span><\/span><\/p>\n<p align=\"JUSTIFY\">ngg_shortcode_0_placeholder<\/p>\n","protected":false},"excerpt":{"rendered":"<p>\u201eEko Fest \u2013 Dni Kultury Ekologicznej 2012\u201d W dniach 7-8 lipca 2012 r. odby\u0142a si\u0119 jedna z imprez promuj\u0105cych ekologi\u0119, zdrowy tryb \u017cycia i walory przyrodniczo \u2013 kulturowe Gminy Urszulin, EKO FEST Dni Kultury Ekologicznej 2012. Impreza jest cz\u0119\u015bci\u0105 projektu \u201eUrszulin \u2013 po pracy, Polesie promocja marki lokalnej jako cz\u0119\u015bci marki regionu\u201d wsp\u00f3\u0142finansowanego w ramach [&hellip;]<\/p>\n","protected":false},"author":3,"featured_media":0,"parent":2,"menu_order":2,"comment_status":"closed","ping_status":"open","template":"","meta":{"ngg_post_thumbnail":0,"footnotes":""},"class_list":["post-105","page","type-page","status-publish","hentry"],"_links":{"self":[{"href":"https:\/\/popracypolesie.urszulin.eu\/index.php?rest_route=\/wp\/v2\/pages\/105","targetHints":{"allow":["GET"]}}],"collection":[{"href":"https:\/\/popracypolesie.urszulin.eu\/index.php?rest_route=\/wp\/v2\/pages"}],"about":[{"href":"https:\/\/popracypolesie.urszulin.eu\/index.php?rest_route=\/wp\/v2\/types\/page"}],"author":[{"embeddable":true,"href":"https:\/\/popracypolesie.urszulin.eu\/index.php?rest_route=\/wp\/v2\/users\/3"}],"replies":[{"embeddable":true,"href":"https:\/\/popracypolesie.urszulin.eu\/index.php?rest_route=%2Fwp%2Fv2%2Fcomments&post=105"}],"version-history":[{"count":2,"href":"https:\/\/popracypolesie.urszulin.eu\/index.php?rest_route=\/wp\/v2\/pages\/105\/revisions"}],"predecessor-version":[{"id":124,"href":"https:\/\/popracypolesie.urszulin.eu\/index.php?rest_route=\/wp\/v2\/pages\/105\/revisions\/124"}],"up":[{"embeddable":true,"href":"https:\/\/popracypolesie.urszulin.eu\/index.php?rest_route=\/wp\/v2\/pages\/2"}],"wp:attachment":[{"href":"https:\/\/popracypolesie.urszulin.eu\/index.php?rest_route=%2Fwp%2Fv2%2Fmedia&parent=105"}],"curies":[{"name":"wp","href":"https:\/\/api.w.org\/{rel}","templated":true}]}}