{"id":107,"date":"2012-12-22T13:37:29","date_gmt":"2012-12-22T12:37:29","guid":{"rendered":"http:\/\/popracypolesie.urszulin.eu\/?page_id=107"},"modified":"2012-12-22T16:17:05","modified_gmt":"2012-12-22T15:17:05","slug":"festyn-kulturowy","status":"publish","type":"page","link":"https:\/\/popracypolesie.urszulin.eu\/?page_id=107","title":{"rendered":"&#8222;Festyn Kulturowy&#8221;"},"content":{"rendered":"<h4 style=\"text-align: center;\" align=\"JUSTIFY\"><span style=\"font-family: Times New Roman,serif; color: #515151;\"><span style=\"font-size: large;\"><strong> \u201eFestyn Kulturowy\u201d<\/strong><\/span><\/span><\/h4>\n<p>&nbsp;<\/p>\n<p align=\"JUSTIFY\"><span style=\"font-family: Times New Roman,serif; color: #515151;\"><span style=\"font-size: medium;\">W dniu 19 sierpnia 2012 roku odby\u0142 si\u0119 Festyn Kulturowy w Grabniaku nad malowniczym jeziorem Rotcze. My\u015bl\u0105 przewodni\u0105 imprezy by\u0142 powr\u00f3t do korzeni, czyli wielowiekowej tradycji rybo\u0142\u00f3wstwa na Pojezierzu \u0141\u0119czy\u0144sko- W\u0142odawskim. Dlatego te\u017c w programie festynu dominowa\u0142y ryby, rybacy, \u0142\u00f3dki, sieci oraz wszystko z tym zwi\u0105zane. By\u0142y wi\u0119c konkursy: na grillowana ryb\u0119, na najlepiej przyrz\u0105dzon\u0105 ryb\u0119, wiedzy w\u0119dkarskiej, skrobanie ryby na czas i wiele podobnych. Uczestnikom tych konkurs\u00f3w przygrywa\u0142y kapele ludowe z ca\u0142ego regionu, a opr\u00f3cz nich na scenie popis gry aktorskiej da\u0142a m.in. m\u0142odzie\u017c z Urszulina, kt\u00f3ra przedstawi\u0142a spektakl pt. \u201e\u015awitezianka\u201d. Wieczorem scen\u0105 ustawion\u0105 tu\u017c nad Rotczem zaw\u0142adn\u0119\u0142y zespo\u0142y graj\u0105ce muzyk\u0119 szanty. By\u0142y \u201eTrzy Majtki\u201d z Gda\u0144ska zesp\u00f3\u0142 \u201eSaak\u201d oraz gwiazda wieczoru \u2013 Orkiestra Dni Naszych. Wiecz\u00f3r zako\u0144czy\u0142 si\u0119 eventem polegaj\u0105cym na wypuszczeniu w nocne niebo lampion\u00f3w szcz\u0119\u015bcia.<\/span><\/span><\/p>\n<p><span style=\"font-family: Times New Roman,serif; color: #515151;\"><span style=\"font-size: large;\"><strong>Kampania promocyja Urszulina \u201ePo pracy Polesie\u201d jako cz\u0119\u015bci Wojew\u00f3dztwa Lubelskiego w ramach projektu \u201eUrszulin \u2013 po pracy, Polesie\u201d promocja marki lokalnej jako cz\u0119\u015bci marki regionu.<\/strong><\/span><\/span><\/p>\n<p align=\"JUSTIFY\"><span style=\"font-family: Times New Roman,serif; color: #515151;\"><span style=\"font-size: medium;\">Kampania promocyjna ma na celu: Promocj\u0119 regionu lubelskiego poprzez opracowanie i wdro\u017cenie przedsi\u0119wzi\u0119\u0107 z zakresu marketingu ukierunkowanego na kreowanie dobrego wizerunku marki lokalnej gminy Urszulin jako cz\u0119\u015bci Polesia pod kontem potencjalnych inwestor\u00f3w, kontrahent\u00f3w i turyst\u00f3w oraz z uwzgl\u0119dnieniem w kontek\u015bcie marki regionu.<\/span><\/span><\/p>\n<p align=\"JUSTIFY\"><span style=\"font-family: Times New Roman,serif; color: #515151;\"><span style=\"font-size: medium;\">Dzia\u0142ania jakie zosta\u0142y podj\u0119te w tym kierunku to:<\/span><\/span><\/p>\n<ol>\n<li>\n<p align=\"JUSTIFY\"><span style=\"font-family: Times New Roman,serif; color: #515151;\"><span style=\"font-size: medium;\">Opracowanie i wydruk przewodnika turystycznego, gdzie zosta\u0142y wyznaczone i opisane trasy: rowerowe (3 p\u0119tle), nordic walking (4 p\u0119tle) i kajakowa (1 p\u0119tla).<\/span><\/span><\/p>\n<\/li>\n<li>\n<p align=\"JUSTIFY\"><span style=\"font-family: Times New Roman,serif; color: #515151;\"><span style=\"font-size: medium;\">Promowanie Urszulina poprzez event promocyjny artystki \u201eJula\u201d, na zorganizowanym \u201eEko Fest \u2013 Dni Kultury Ekologicznej\u201d w dniu 8 lipca 2012 roku.<\/span><\/span><\/p>\n<\/li>\n<li>\n<p align=\"JUSTIFY\"><span style=\"font-family: Times New Roman,serif; color: #515151;\"><span style=\"font-size: medium;\">Gad\u017cety promocyjne Gminy Urszulin typu: mysz i klawiatura do komputera, podk\u0142adki pod mysz, koszulki, plecaki, pi\u00f3rniki inne. Na wszystkich wymienionych materia\u0142ach zosta\u0142o zastosowane logo Gminy Urszulin.<\/span><\/span><\/p>\n<\/li>\n<li>\n<p align=\"JUSTIFY\"><span style=\"font-family: Times New Roman,serif; color: #515151;\"><span style=\"font-size: medium;\">Tablice informacyjne zamontowanie na terenie Urszulina na kt\u00f3rych umieszczane b\u0119d\u0105 najwa\u017cniejsze informacje o gminie i jej atrakcjach.<\/span><\/span><\/p>\n<\/li>\n<li>\n<p align=\"JUSTIFY\"><span style=\"font-family: Times New Roman,serif; color: #515151;\"><span style=\"font-size: medium;\">Opracowanie i wydruk ulotki o terenach inwestycyjnych Gminy Urszulin, na kt\u00f3rej zamieszczone b\u0119d\u0105 dzia\u0142ki, kt\u00f3rymi Gmina dysponuje do sprzeda\u017cy.<\/span><\/span><\/p>\n<\/li>\n<\/ol>\n","protected":false},"excerpt":{"rendered":"<p>\u201eFestyn Kulturowy\u201d &nbsp; W dniu 19 sierpnia 2012 roku odby\u0142 si\u0119 Festyn Kulturowy w Grabniaku nad malowniczym jeziorem Rotcze. My\u015bl\u0105 przewodni\u0105 imprezy by\u0142 powr\u00f3t do korzeni, czyli wielowiekowej tradycji rybo\u0142\u00f3wstwa na Pojezierzu \u0141\u0119czy\u0144sko- W\u0142odawskim. Dlatego te\u017c w programie festynu dominowa\u0142y ryby, rybacy, \u0142\u00f3dki, sieci oraz wszystko z tym zwi\u0105zane. By\u0142y wi\u0119c konkursy: na grillowana ryb\u0119, [&hellip;]<\/p>\n","protected":false},"author":3,"featured_media":0,"parent":2,"menu_order":3,"comment_status":"closed","ping_status":"open","template":"","meta":{"ngg_post_thumbnail":0,"footnotes":""},"class_list":["post-107","page","type-page","status-publish","hentry"],"_links":{"self":[{"href":"https:\/\/popracypolesie.urszulin.eu\/index.php?rest_route=\/wp\/v2\/pages\/107","targetHints":{"allow":["GET"]}}],"collection":[{"href":"https:\/\/popracypolesie.urszulin.eu\/index.php?rest_route=\/wp\/v2\/pages"}],"about":[{"href":"https:\/\/popracypolesie.urszulin.eu\/index.php?rest_route=\/wp\/v2\/types\/page"}],"author":[{"embeddable":true,"href":"https:\/\/popracypolesie.urszulin.eu\/index.php?rest_route=\/wp\/v2\/users\/3"}],"replies":[{"embeddable":true,"href":"https:\/\/popracypolesie.urszulin.eu\/index.php?rest_route=%2Fwp%2Fv2%2Fcomments&post=107"}],"version-history":[{"count":3,"href":"https:\/\/popracypolesie.urszulin.eu\/index.php?rest_route=\/wp\/v2\/pages\/107\/revisions"}],"predecessor-version":[{"id":125,"href":"https:\/\/popracypolesie.urszulin.eu\/index.php?rest_route=\/wp\/v2\/pages\/107\/revisions\/125"}],"up":[{"embeddable":true,"href":"https:\/\/popracypolesie.urszulin.eu\/index.php?rest_route=\/wp\/v2\/pages\/2"}],"wp:attachment":[{"href":"https:\/\/popracypolesie.urszulin.eu\/index.php?rest_route=%2Fwp%2Fv2%2Fmedia&parent=107"}],"curies":[{"name":"wp","href":"https:\/\/api.w.org\/{rel}","templated":true}]}}