{"id":2,"date":"2012-12-05T22:12:43","date_gmt":"2012-12-05T22:12:43","guid":{"rendered":"http:\/\/popracypolesie.urszulin.eu\/?page_id=2"},"modified":"2012-12-22T16:15:46","modified_gmt":"2012-12-22T15:15:46","slug":"przykladowa-strona","status":"publish","type":"page","link":"https:\/\/popracypolesie.urszulin.eu\/?page_id=2","title":{"rendered":"Przebieg realizacji projektu"},"content":{"rendered":"<h4 align=\"CENTER\"><span style=\"color: #515151;\"><strong>\u201e<\/strong><span style=\"font-family: Times New Roman,serif;\"><span style=\"font-size: large;\"><strong>Polesie na dw\u00f3ch k\u00f3\u0142kach\u201d<\/strong><\/span><\/span><\/span><\/h4>\n<p><span style=\"color: #515151;\">\u00a0<\/span><\/p>\n<p><span style=\"font-family: Times New Roman,serif; color: #515151;\"><span style=\"font-size: medium;\"><strong>II edycja Akademickiego Pucharu Polski w Cross Country AZS MTB CUP \u201ePolesie\u201d w Urszulinie<\/strong><\/span><\/span><\/p>\n<p align=\"JUSTIFY\"><span style=\"font-family: Times New Roman,serif; color: #515151;\"><span style=\"font-size: medium;\">26 sierpnia w Gminie Urszulin amatorzy i profesjonali\u015bci brali udzia\u0142 w V edycji AZS MTB CUP. Impreza odby\u0142a si\u0119 w ramach festynu rowerowego \u201ePolesie na dw\u00f3ch k\u00f3\u0142kach\u201d. Nie zabrak\u0142o sportowych emocji i dobrej zabawy. Impreza by\u0142a cz\u0119\u015bci\u0105 projektu: Urszulin, po pracy, Polesie\u201d promocja marki lokalnej jako cz\u0119\u015bci marki regionu i\u00a0zosta\u0142a dofinansowana ze \u015brodk\u00f3w Europejskiego Funduszu Rozwoju Regionalnego w ramach Regionalnego Programu Operacyjnego Wojew\u00f3dztwa Lubelskiego na lata 2007-2013, \u00a0dzia\u0142anie 2.4B Marketing gospodarczy .<\/span><\/span><\/p>\n<p align=\"JUSTIFY\"><span style=\"font-family: Times New Roman,serif; color: #515151;\"><span style=\"font-size: medium;\">Urszulin ju\u017c po raz drugi go\u015bci\u0142 kolarzy rywalizuj\u0105cych w ramach cyklu wy\u015bcig\u00f3w AZS MTB CUP. W tym roku zawody cross-country by\u0142y jednym z element\u00f3w ca\u0142odziennego festynu rowerowego. \u201ePolesie na dw\u00f3ch k\u00f3\u0142kach\u201d. Impreza rozpocz\u0119\u0142a si\u0119 rywalizacj\u0105 m\u0142odziczki, m\u0142odzika i juniora m\u0142odszego. W ka\u017cdej z kategorii triumfowali reprezentanci klubu LKK Start Tomasz\u00f3w Mazowiecki, kt\u00f3ry pojawi\u0142 si\u0119 jak zwykle w mocnym sk\u0142adzie. R\u00f3wnocze\u015bnie uruchomione zosta\u0142y stoiska, na kt\u00f3rych mo\u017cna by\u0142o przetestowa\u0107 rowery, obejrze\u0107 filmy rowerowe, czy wykona\u0107 serwis swojego jedno\u015bladu. Kolejny wy\u015bcig to rywalizacja kobiet, junior\u00f3w i masters\u00f3w. W\u015br\u00f3d tych ostatnich o miano najlepszego walczy\u0142o 23 kolarzy \u2013 najlepszy okaza\u0142 si\u0119 Marek Kulik z Uniqa LKKG BG\u017b. Jego klubowy kolega \u2013 Kamil Grenda \u2013 triumfowa\u0142 w kategorii junior\u00f3w. W\u015br\u00f3d pa\u0144 bezkonkurencyjna okaza\u0142a si\u0119 Dorota Warczyk z LKK Start. W tym samym czasie odbywa\u0142y si\u0119 zabawy i wy\u015bcigi dla najm\u0142odszych mi\u0142o\u015bnik\u00f3w dw\u00f3ch k\u00f3\u0142ek. Nast\u0119pnie przyszed\u0142 czas na pokazy akrobacji rowerowych w wykonaniu Lubelskiej Grupy Artystycznej. Swymi widowiskowymi trikami mocno podgrzali atmosfer\u0119 w\u015br\u00f3d licznie zgromadzonej publiczno\u015bci. Po 14-stej wystartowali panowie z kategorii u-23 i elita. Ju\u017c w po\u0142owie I rundy Rados\u0142aw R\u0119kawek wypracowa\u0142 sobie kilkunasto sekundow\u0105 przewag\u0119. Na kolejnych okr\u0105\u017ceniach stale j\u0105 powi\u0119ksza\u0142, jednak defekt opony na 5-tej rundzie odebra\u0142 mu szans\u0119 na triumf. Na ostatnich kilometrach w walce o zwyci\u0119stwo pozostali tylko trzej zawodnicy z Warszawskiego Klubu Kolarskiego. Najwi\u0119cej si\u0142 na finisz zachowa\u0142 Tomasz Szala, kt\u00f3ry o p\u00f3\u0142 minuty wyprzedzi\u0142 Paw\u0142a Kr\u00f3la. Tomasz zwyci\u0119\u017cy\u0142 r\u00f3wnie\u017c w klasyfikacji Akademickiego Pucharu Polski w MTB, dzi\u0119ki czemu zainkasowa\u0142 500 z\u0142 i nagrody rzeczowe. W klasyfikacji dru\u017cynowej najlepsi okazali si\u0119 reprezentanci AZS UMCS Lublin. Warto zaznaczy\u0107, \u017ce prawie w ka\u017cdej kategorii wystartowali mieszka\u0144cy Urszulina. Dla wielu z nich by\u0142 to debiut w zawodach kolarskich. Festyn zako\u0144czy\u0142 niezwykle dynamiczny koncert zespo\u0142u \u201ePodobaMiSi\u0119\u201d. Ca\u0142a impreza ukaza\u0142a, \u017ce na Polesiu mo\u017cna w ciekawy i aktywny spos\u00f3b sp\u0119dzi\u0107 czas.<\/span><\/span><\/p>\n<p align=\"JUSTIFY\">ngg_shortcode_0_placeholder<\/p>\n<p align=\"JUSTIFY\">\n<h4 align=\"CENTER\"><span style=\"color: #515151;\"><strong>\u201e<span style=\"font-family: Times New Roman,serif;\"><span style=\"font-size: large;\">Eko Fest \u2013 Dni Kultury Ekologicznej 2012\u201d<\/span><\/span><\/strong><\/span><\/h4>\n<h4 align=\"CENTER\"><span style=\"color: #515151;\"><br \/>\n<\/span><\/h4>\n<p align=\"JUSTIFY\"><span style=\"font-family: Times New Roman,serif; color: #515151;\"><span style=\"font-size: medium;\">W dniach 7-8 lipca 2012 r. odby\u0142a si\u0119 jedna z imprez promuj\u0105cych ekologi\u0119, zdrowy tryb \u017cycia i walory przyrodniczo \u2013 kulturowe Gminy Urszulin, EKO FEST Dni Kultury Ekologicznej 2012.<\/span><\/span><\/p>\n<p align=\"JUSTIFY\"><span style=\"font-family: Times New Roman,serif; color: #515151;\"><span style=\"font-size: medium;\">Impreza jest cz\u0119\u015bci\u0105\u00a0 projektu \u201eUrszulin \u2013 po pracy, Polesie promocja marki lokalnej jako cz\u0119\u015bci marki regionu\u201d wsp\u00f3\u0142finansowanego w\u00a0ramach Regionalnego Programu Operacyjnego dla Wojew\u00f3dztwa Lubelskiego na lata 2007-2013.<\/span><\/span><\/p>\n<p align=\"JUSTIFY\"><span style=\"font-family: Times New Roman,serif; color: #515151;\"><span style=\"font-size: medium;\">Motywem przewodnim imprezy by\u0142o propagowanie idei ekologii i postaw proekologicznych. Dzi\u0119ki wsparciu funduszy europejskich oraz zaanga\u017cowaniu organizator\u00f3w i pracownik\u00f3w Gminy Urszulin uda\u0142o si\u0119 stworzy\u0107 bogaty program artystyczny.\u00a0Trwaj\u0105ca dwa dni impreza obfitowa\u0142a w wiele atrakcji, m.in. konkursy, pokazy, warsztaty muzyczne i koncerty. Kreatywno\u015b\u0107 dzieci i m\u0142odzie\u017cy przedstawiaj\u0105cych\u00a0 swoje prace wykonane z materia\u0142\u00f3w pochodz\u0105cych z recyklingu zyska\u0142y uznanie publiczno\u015bci.<\/span><\/span><\/p>\n<p align=\"JUSTIFY\"><span style=\"font-family: Times New Roman,serif; color: #515151;\"><span style=\"font-size: medium;\">Cz\u0119\u015b\u0107 artystyczn\u0105 uwie\u0144czy\u0142y Poleskie spotkania artystyczne, na kt\u00f3rych zaprezentowa\u0142y si\u0119 zespo\u0142y graj\u0105ce \u017cywio\u0142ow\u0105 i ciekaw\u0105 folkow\u0105 muzyk\u0119 m.in.: Drewutnia i Orkiestra \u015awi\u0119tego Miko\u0142aja oraz gwiazda wieczoru laureatka festiwali Sopot Top Trendy i Opole 2012, \u201eJULA\u201d. Pomimo lej\u0105cego si\u0119 \u017caru z\u00a0nieba go\u015bcie dopisali, tak miejscowi jak i przyjezdni. W\u015br\u00f3d uczestnik\u00f3w panowa\u0142a przyjazna atmosfera, go\u015bcie bawili si\u0119 przednio do p\u00f3\u017anych godzin nocnych.<\/span><\/span><\/p>\n<p align=\"JUSTIFY\"><span style=\"font-family: Times New Roman,serif; color: #515151;\"><span style=\"font-size: medium;\">Poni\u017cej prezentujemy zdj\u0119cia z imprezy.<\/span><\/span><\/p>\n<p align=\"JUSTIFY\">ngg_shortcode_1_placeholder<\/p>\n<p align=\"JUSTIFY\">\n<h4 style=\"text-align: center;\" align=\"JUSTIFY\"><span style=\"font-family: Times New Roman,serif; color: #515151;\"><span style=\"font-size: large;\"><strong> \u201eFestyn Kulturowy\u201d<\/strong><\/span><\/span><\/h4>\n<p>&nbsp;<\/p>\n<p align=\"JUSTIFY\"><span style=\"font-family: Times New Roman,serif; color: #515151;\"><span style=\"font-size: medium;\">W dniu 19 sierpnia 2012 roku odby\u0142 si\u0119 Festyn Kulturowy w Grabniaku nad malowniczym jeziorem Rotcze. My\u015bl\u0105 przewodni\u0105 imprezy by\u0142 powr\u00f3t do korzeni, czyli wielowiekowej tradycji rybo\u0142\u00f3wstwa na Pojezierzu \u0141\u0119czy\u0144sko- W\u0142odawskim. Dlatego te\u017c w programie festynu dominowa\u0142y ryby, rybacy, \u0142\u00f3dki, sieci oraz wszystko z tym zwi\u0105zane. By\u0142y wi\u0119c konkursy: na grillowana ryb\u0119, na najlepiej przyrz\u0105dzon\u0105 ryb\u0119, wiedzy w\u0119dkarskiej, skrobanie ryby na czas i wiele podobnych. Uczestnikom tych konkurs\u00f3w przygrywa\u0142y kapele ludowe z ca\u0142ego regionu, a opr\u00f3cz nich na scenie popis gry aktorskiej da\u0142a m.in. m\u0142odzie\u017c z Urszulina, kt\u00f3ra przedstawi\u0142a spektakl pt. \u201e\u015awitezianka\u201d. Wieczorem scen\u0105 ustawion\u0105 tu\u017c nad Rotczem zaw\u0142adn\u0119\u0142y zespo\u0142y graj\u0105ce muzyk\u0119 szanty. By\u0142y \u201eTrzy Majtki\u201d z Gda\u0144ska zesp\u00f3\u0142 \u201eSaak\u201d oraz gwiazda wieczoru \u2013 Orkiestra Dni Naszych. Wiecz\u00f3r zako\u0144czy\u0142 si\u0119 eventem polegaj\u0105cym na wypuszczeniu w nocne niebo lampion\u00f3w szcz\u0119\u015bcia.<\/span><\/span><\/p>\n<p align=\"JUSTIFY\">\n<p><span style=\"font-family: Times New Roman,serif; color: #515151;\"><span style=\"font-size: large;\"><strong>Kampania promocyja Urszulina \u201ePo pracy Polesie\u201d jako cz\u0119\u015bci Wojew\u00f3dztwa Lubelskiego w ramach projektu \u201eUrszulin \u2013 po pracy, Polesie\u201d promocja marki lokalnej jako cz\u0119\u015bci marki regionu.<\/strong><\/span><\/span><\/p>\n<p align=\"JUSTIFY\"><span style=\"font-family: Times New Roman,serif; color: #515151;\"><span style=\"font-size: medium;\">Kampania promocyjna ma na celu: Promocj\u0119 regionu lubelskiego poprzez opracowanie i wdro\u017cenie przedsi\u0119wzi\u0119\u0107 z zakresu marketingu ukierunkowanego na kreowanie dobrego wizerunku marki lokalnej gminy Urszulin jako cz\u0119\u015bci Polesia pod kontem potencjalnych inwestor\u00f3w, kontrahent\u00f3w i turyst\u00f3w oraz z uwzgl\u0119dnieniem w kontek\u015bcie marki regionu.<\/span><\/span><\/p>\n<p align=\"JUSTIFY\"><span style=\"font-family: Times New Roman,serif; color: #515151;\"><span style=\"font-size: medium;\">Dzia\u0142ania jakie zosta\u0142y podj\u0119te w tym kierunku to:<\/span><\/span><\/p>\n<ol>\n<li>\n<p align=\"JUSTIFY\"><span style=\"font-family: Times New Roman,serif; color: #515151;\"><span style=\"font-size: medium;\">Opracowanie i wydruk przewodnika turystycznego, gdzie zosta\u0142y wyznaczone i opisane trasy: rowerowe (3 p\u0119tle), nordic walking (4 p\u0119tle) i kajakowa (1 p\u0119tla).<\/span><\/span><\/p>\n<\/li>\n<li>\n<p align=\"JUSTIFY\"><span style=\"font-family: Times New Roman,serif; color: #515151;\"><span style=\"font-size: medium;\">Promowanie Urszulina poprzez event promocyjny artystki \u201eJula\u201d, na zorganizowanym \u201eEko Fest \u2013 Dni Kultury Ekologicznej\u201d w dniu 8 lipca 2012 roku.<\/span><\/span><\/p>\n<\/li>\n<li>\n<p align=\"JUSTIFY\"><span style=\"font-family: Times New Roman,serif; color: #515151;\"><span style=\"font-size: medium;\">Gad\u017cety promocyjne Gminy Urszulin typu: mysz i klawiatura do komputera, podk\u0142adki pod mysz, koszulki, plecaki, pi\u00f3rniki inne. Na wszystkich wymienionych materia\u0142ach zosta\u0142o zastosowane logo Gminy Urszulin.<\/span><\/span><\/p>\n<\/li>\n<li>\n<p align=\"JUSTIFY\"><span style=\"font-family: Times New Roman,serif; color: #515151;\"><span style=\"font-size: medium;\">Tablice informacyjne zamontowanie na terenie Urszulina na kt\u00f3rych umieszczane b\u0119d\u0105 najwa\u017cniejsze informacje o gminie i jej atrakcjach.<\/span><\/span><\/p>\n<\/li>\n<li>\n<p align=\"JUSTIFY\"><span style=\"font-family: Times New Roman,serif; color: #515151;\"><span style=\"font-size: medium;\">Opracowanie i wydruk ulotki o terenach inwestycyjnych Gminy Urszulin, na kt\u00f3rej zamieszczone b\u0119d\u0105 dzia\u0142ki, kt\u00f3rymi Gmina dysponuje do sprzeda\u017cy.<\/span><\/span><\/p>\n<\/li>\n<\/ol>\n","protected":false},"excerpt":{"rendered":"<p>\u201ePolesie na dw\u00f3ch k\u00f3\u0142kach\u201d \u00a0 II edycja Akademickiego Pucharu Polski w Cross Country AZS MTB CUP \u201ePolesie\u201d w Urszulinie 26 sierpnia w Gminie Urszulin amatorzy i profesjonali\u015bci brali udzia\u0142 w V edycji AZS MTB CUP. Impreza odby\u0142a si\u0119 w ramach festynu rowerowego \u201ePolesie na dw\u00f3ch k\u00f3\u0142kach\u201d. Nie zabrak\u0142o sportowych emocji i dobrej zabawy. Impreza by\u0142a [&hellip;]<\/p>\n","protected":false},"author":3,"featured_media":0,"parent":0,"menu_order":0,"comment_status":"open","ping_status":"open","template":"","meta":{"ngg_post_thumbnail":0,"footnotes":""},"class_list":["post-2","page","type-page","status-publish","hentry"],"_links":{"self":[{"href":"https:\/\/popracypolesie.urszulin.eu\/index.php?rest_route=\/wp\/v2\/pages\/2","targetHints":{"allow":["GET"]}}],"collection":[{"href":"https:\/\/popracypolesie.urszulin.eu\/index.php?rest_route=\/wp\/v2\/pages"}],"about":[{"href":"https:\/\/popracypolesie.urszulin.eu\/index.php?rest_route=\/wp\/v2\/types\/page"}],"author":[{"embeddable":true,"href":"https:\/\/popracypolesie.urszulin.eu\/index.php?rest_route=\/wp\/v2\/users\/3"}],"replies":[{"embeddable":true,"href":"https:\/\/popracypolesie.urszulin.eu\/index.php?rest_route=%2Fwp%2Fv2%2Fcomments&post=2"}],"version-history":[{"count":24,"href":"https:\/\/popracypolesie.urszulin.eu\/index.php?rest_route=\/wp\/v2\/pages\/2\/revisions"}],"predecessor-version":[{"id":122,"href":"https:\/\/popracypolesie.urszulin.eu\/index.php?rest_route=\/wp\/v2\/pages\/2\/revisions\/122"}],"wp:attachment":[{"href":"https:\/\/popracypolesie.urszulin.eu\/index.php?rest_route=%2Fwp%2Fv2%2Fmedia&parent=2"}],"curies":[{"name":"wp","href":"https:\/\/api.w.org\/{rel}","templated":true}]}}