{"id":40,"date":"2012-12-20T10:10:06","date_gmt":"2012-12-20T09:10:06","guid":{"rendered":"http:\/\/popracypolesie.urszulin.eu\/?page_id=40"},"modified":"2013-04-10T12:51:45","modified_gmt":"2013-04-10T10:51:45","slug":"opis-projektu","status":"publish","type":"page","link":"https:\/\/popracypolesie.urszulin.eu\/","title":{"rendered":"Opis projektu"},"content":{"rendered":"<p><strong>TYTU\u0141 PROJEKTU:<\/strong> \u201eUrszulin \u2013 po pracy, Polesie\u201d promocja marki lokalnej jako cz\u0119\u015bci regionu wsp\u00f3\u0142finansowany w ramach Europejskiego Funduszu Rozwoju Regionalnego Programu Operacyjnego Wojew\u00f3dztwa Lubelskiego na lata 2007- 2013.<\/p>\n<p><strong>Warto\u015b\u0107 projektu: \u00a0\u00a0\u00a0\u00a0\u00a0\u00a0 \u00a0 \u00a0 \u00a0 \u00a0\u00a0\u00a0\u00a0\u00a0\u00a0\u00a0\u00a0\u00a0\u00a0\u00a0\u00a0\u00a0\u00a0\u00a0 400 460,00 z\u0142 \u00a0\u00a0\u00a0\u00a0\u00a0\u00a0\u00a0<\/strong><\/p>\n<p><strong> Kwota dofinansowania z EFRR:\u00a0\u00a0\u00a0\u00a0\u00a0\u00a0\u00a0\u00a0\u00a0\u00a0<strong>340\u00a0407,56 z\u0142<\/strong><br \/>\n<\/strong><\/p>\n<p align=\"JUSTIFY\"><a name=\"_GoBack\"><\/a>Projekt obejmuje dzia\u0142ania promocyjne w 2012 roku, kt\u00f3re miedzy innymi polega\u0142y na: przeprowadzeniu 3 du\u017cych imprez: \u201eEko Fest- Dni Kultury Ekologicznej\u201d, \u201ePolesie na dw\u00f3ch k\u00f3\u0142kach\u201d oraz \u201eFestynu Kulturowego\u201d. W ramach projektu przeprowadzono \u201eKampani\u0119 Promocyjn\u0105 Urszulina\u201d, dostosowano portal do potrzeb os\u00f3b niepe\u0142nosprawnych oraz zrealizowano wiele innych mniejszych dzia\u0142a\u0144 np. organizacje konferencji o tematyce turystycznej.<\/p>\n<p><strong>Cel og\u00f3lny projektu:<\/strong><\/p>\n<p>Promocja regionu lubelskiego poprzez opracowanie i wdro\u017cenie przedsi\u0119wzi\u0119\u0107 z zakresu marketingu ukierunkowanego na kreowanie dobrego wizerunku marki lokalnej gminy Urszulin jako cz\u0119\u015bci Polesia pod kontem potencjalnych inwestor\u00f3w, kontrahent\u00f3w i turyst\u00f3w oraz z uwzgl\u0119dnieniem w kontek\u015bcie marki regionu.<\/p>\n<p><strong>Cele szczeg\u00f3\u0142owe projektu:<\/strong><\/p>\n<p>Kreowanie pozytywnego wizerunku Polesia w obr\u0119bie gminy Urszulin poprzez realizacj\u0119 kampanii promocyjnej marki lokalnej \u201eUrszulin- po pracy, Polesie\u201d o zasi\u0119gu regionalnym i w cz\u0119\u015bci ponad regionalnym . zwi\u0119kszenie wiedzy na temat Polesia poprzez modernizacj\u0119 i rozbudow\u0119 portalu internetowego teren\u00f3w Polesia <a href=\"http:\/\/www.polesiezachodnie.eu\">www.polesiezachodnie.eu<\/a><\/p>\n","protected":false},"excerpt":{"rendered":"<p>TYTU\u0141 PROJEKTU: \u201eUrszulin \u2013 po pracy, Polesie\u201d promocja marki lokalnej jako cz\u0119\u015bci regionu wsp\u00f3\u0142finansowany w ramach Europejskiego Funduszu Rozwoju Regionalnego Programu Operacyjnego Wojew\u00f3dztwa Lubelskiego na lata 2007- 2013. Warto\u015b\u0107 projektu: \u00a0\u00a0\u00a0\u00a0\u00a0\u00a0 \u00a0 \u00a0 \u00a0 \u00a0\u00a0\u00a0\u00a0\u00a0\u00a0\u00a0\u00a0\u00a0\u00a0\u00a0\u00a0\u00a0\u00a0\u00a0 400 460,00 z\u0142 \u00a0\u00a0\u00a0\u00a0\u00a0\u00a0\u00a0 Kwota dofinansowania z EFRR:\u00a0\u00a0\u00a0\u00a0\u00a0\u00a0\u00a0\u00a0\u00a0\u00a0340\u00a0407,56 z\u0142 Projekt obejmuje dzia\u0142ania promocyjne w 2012 roku, kt\u00f3re miedzy innymi polega\u0142y [&hellip;]<\/p>\n","protected":false},"author":3,"featured_media":0,"parent":0,"menu_order":0,"comment_status":"open","ping_status":"open","template":"","meta":{"ngg_post_thumbnail":0,"footnotes":""},"class_list":["post-40","page","type-page","status-publish","hentry"],"_links":{"self":[{"href":"https:\/\/popracypolesie.urszulin.eu\/index.php?rest_route=\/wp\/v2\/pages\/40","targetHints":{"allow":["GET"]}}],"collection":[{"href":"https:\/\/popracypolesie.urszulin.eu\/index.php?rest_route=\/wp\/v2\/pages"}],"about":[{"href":"https:\/\/popracypolesie.urszulin.eu\/index.php?rest_route=\/wp\/v2\/types\/page"}],"author":[{"embeddable":true,"href":"https:\/\/popracypolesie.urszulin.eu\/index.php?rest_route=\/wp\/v2\/users\/3"}],"replies":[{"embeddable":true,"href":"https:\/\/popracypolesie.urszulin.eu\/index.php?rest_route=%2Fwp%2Fv2%2Fcomments&post=40"}],"version-history":[{"count":15,"href":"https:\/\/popracypolesie.urszulin.eu\/index.php?rest_route=\/wp\/v2\/pages\/40\/revisions"}],"predecessor-version":[{"id":46,"href":"https:\/\/popracypolesie.urszulin.eu\/index.php?rest_route=\/wp\/v2\/pages\/40\/revisions\/46"}],"wp:attachment":[{"href":"https:\/\/popracypolesie.urszulin.eu\/index.php?rest_route=%2Fwp%2Fv2%2Fmedia&parent=40"}],"curies":[{"name":"wp","href":"https:\/\/api.w.org\/{rel}","templated":true}]}}