{"id":98,"date":"2012-12-22T13:29:41","date_gmt":"2012-12-22T12:29:41","guid":{"rendered":"http:\/\/popracypolesie.urszulin.eu\/?page_id=98"},"modified":"2012-12-22T16:16:15","modified_gmt":"2012-12-22T15:16:15","slug":"polesie-na-dwoch-kolkach","status":"publish","type":"page","link":"https:\/\/popracypolesie.urszulin.eu\/?page_id=98","title":{"rendered":"Polesie na dw\u00f3ch k\u00f3\u0142kach"},"content":{"rendered":"<h4 align=\"CENTER\"><span style=\"color: #515151;\"><strong>\u201e<\/strong><span style=\"font-family: Times New Roman,serif;\"><span style=\"font-size: large;\"><strong>Polesie na dw\u00f3ch k\u00f3\u0142kach\u201d<\/strong><\/span><\/span><\/span><\/h4>\n<p>&nbsp;<\/p>\n<p><span style=\"font-family: Times New Roman,serif; color: #515151;\"><span style=\"font-size: medium;\"><strong>II edycja Akademickiego Pucharu Polski w Cross Country AZS MTB CUP \u201ePolesie\u201d w Urszulinie<\/strong><\/span><\/span><\/p>\n<p align=\"JUSTIFY\"><span style=\"font-family: Times New Roman,serif; color: #515151;\"><span style=\"font-size: medium;\">26 sierpnia w Gminie Urszulin amatorzy i profesjonali\u015bci brali udzia\u0142 w V edycji AZS MTB CUP. Impreza odby\u0142a si\u0119 w ramach festynu rowerowego \u201ePolesie na dw\u00f3ch k\u00f3\u0142kach\u201d. Nie zabrak\u0142o sportowych emocji i dobrej zabawy. Impreza by\u0142a cz\u0119\u015bci\u0105 projektu: Urszulin, po pracy, Polesie\u201d promocja marki lokalnej jako cz\u0119\u015bci marki regionu i zosta\u0142a dofinansowana ze \u015brodk\u00f3w Europejskiego Funduszu Rozwoju Regionalnego w ramach Regionalnego Programu Operacyjnego Wojew\u00f3dztwa Lubelskiego na lata 2007-2013, dzia\u0142anie 2.4B Marketing gospodarczy .<\/span><\/span><\/p>\n<p align=\"JUSTIFY\"><span style=\"font-family: Times New Roman,serif; color: #515151;\"><span style=\"font-size: medium;\">Urszulin ju\u017c po raz drugi go\u015bci\u0142 kolarzy rywalizuj\u0105cych w ramach cyklu wy\u015bcig\u00f3w AZS MTB CUP. W tym roku zawody cross-country by\u0142y jednym z element\u00f3w ca\u0142odziennego festynu rowerowego. \u201ePolesie na dw\u00f3ch k\u00f3\u0142kach\u201d. Impreza rozpocz\u0119\u0142a si\u0119 rywalizacj\u0105 m\u0142odziczki, m\u0142odzika i juniora m\u0142odszego. W ka\u017cdej z kategorii triumfowali reprezentanci klubu LKK Start Tomasz\u00f3w Mazowiecki, kt\u00f3ry pojawi\u0142 si\u0119 jak zwykle w mocnym sk\u0142adzie. R\u00f3wnocze\u015bnie uruchomione zosta\u0142y stoiska, na kt\u00f3rych mo\u017cna by\u0142o przetestowa\u0107 rowery, obejrze\u0107 filmy rowerowe, czy wykona\u0107 serwis swojego jedno\u015bladu. Kolejny wy\u015bcig to rywalizacja kobiet, junior\u00f3w i masters\u00f3w. W\u015br\u00f3d tych ostatnich o miano najlepszego walczy\u0142o 23 kolarzy \u2013 najlepszy okaza\u0142 si\u0119 Marek Kulik z Uniqa LKKG BG\u017b. Jego klubowy kolega \u2013 Kamil Grenda \u2013 triumfowa\u0142 w kategorii junior\u00f3w. W\u015br\u00f3d pa\u0144 bezkonkurencyjna okaza\u0142a si\u0119 Dorota Warczyk z LKK Start. W tym samym czasie odbywa\u0142y si\u0119 zabawy i wy\u015bcigi dla najm\u0142odszych mi\u0142o\u015bnik\u00f3w dw\u00f3ch k\u00f3\u0142ek. Nast\u0119pnie przyszed\u0142 czas na pokazy akrobacji rowerowych w wykonaniu Lubelskiej Grupy Artystycznej. Swymi widowiskowymi trikami mocno podgrzali atmosfer\u0119 w\u015br\u00f3d licznie zgromadzonej publiczno\u015bci. Po 14-stej wystartowali panowie z kategorii u-23 i elita. Ju\u017c w po\u0142owie I rundy Rados\u0142aw R\u0119kawek wypracowa\u0142 sobie kilkunasto sekundow\u0105 przewag\u0119. Na kolejnych okr\u0105\u017ceniach stale j\u0105 powi\u0119ksza\u0142, jednak defekt opony na 5-tej rundzie odebra\u0142 mu szans\u0119 na triumf. Na ostatnich kilometrach w walce o zwyci\u0119stwo pozostali tylko trzej zawodnicy z Warszawskiego Klubu Kolarskiego. Najwi\u0119cej si\u0142 na finisz zachowa\u0142 Tomasz Szala, kt\u00f3ry o p\u00f3\u0142 minuty wyprzedzi\u0142 Paw\u0142a Kr\u00f3la. Tomasz zwyci\u0119\u017cy\u0142 r\u00f3wnie\u017c w klasyfikacji Akademickiego Pucharu Polski w MTB, dzi\u0119ki czemu zainkasowa\u0142 500 z\u0142 i nagrody rzeczowe. W klasyfikacji dru\u017cynowej najlepsi okazali si\u0119 reprezentanci AZS UMCS Lublin. Warto zaznaczy\u0107, \u017ce prawie w ka\u017cdej kategorii wystartowali mieszka\u0144cy Urszulina. Dla wielu z nich by\u0142 to debiut w zawodach kolarskich. Festyn zako\u0144czy\u0142 niezwykle dynamiczny koncert zespo\u0142u \u201ePodobaMiSi\u0119\u201d. Ca\u0142a impreza ukaza\u0142a, \u017ce na Polesiu mo\u017cna w ciekawy i aktywny spos\u00f3b sp\u0119dzi\u0107 czas.<\/span><\/span><\/p>\n<p align=\"JUSTIFY\">ngg_shortcode_0_placeholder<\/p>\n","protected":false},"excerpt":{"rendered":"<p>\u201ePolesie na dw\u00f3ch k\u00f3\u0142kach\u201d &nbsp; II edycja Akademickiego Pucharu Polski w Cross Country AZS MTB CUP \u201ePolesie\u201d w Urszulinie 26 sierpnia w Gminie Urszulin amatorzy i profesjonali\u015bci brali udzia\u0142 w V edycji AZS MTB CUP. Impreza odby\u0142a si\u0119 w ramach festynu rowerowego \u201ePolesie na dw\u00f3ch k\u00f3\u0142kach\u201d. Nie zabrak\u0142o sportowych emocji i dobrej zabawy. Impreza by\u0142a [&hellip;]<\/p>\n","protected":false},"author":3,"featured_media":0,"parent":2,"menu_order":1,"comment_status":"closed","ping_status":"open","template":"","meta":{"ngg_post_thumbnail":0,"footnotes":""},"class_list":["post-98","page","type-page","status-publish","hentry"],"_links":{"self":[{"href":"https:\/\/popracypolesie.urszulin.eu\/index.php?rest_route=\/wp\/v2\/pages\/98","targetHints":{"allow":["GET"]}}],"collection":[{"href":"https:\/\/popracypolesie.urszulin.eu\/index.php?rest_route=\/wp\/v2\/pages"}],"about":[{"href":"https:\/\/popracypolesie.urszulin.eu\/index.php?rest_route=\/wp\/v2\/types\/page"}],"author":[{"embeddable":true,"href":"https:\/\/popracypolesie.urszulin.eu\/index.php?rest_route=\/wp\/v2\/users\/3"}],"replies":[{"embeddable":true,"href":"https:\/\/popracypolesie.urszulin.eu\/index.php?rest_route=%2Fwp%2Fv2%2Fcomments&post=98"}],"version-history":[{"count":8,"href":"https:\/\/popracypolesie.urszulin.eu\/index.php?rest_route=\/wp\/v2\/pages\/98\/revisions"}],"predecessor-version":[{"id":123,"href":"https:\/\/popracypolesie.urszulin.eu\/index.php?rest_route=\/wp\/v2\/pages\/98\/revisions\/123"}],"up":[{"embeddable":true,"href":"https:\/\/popracypolesie.urszulin.eu\/index.php?rest_route=\/wp\/v2\/pages\/2"}],"wp:attachment":[{"href":"https:\/\/popracypolesie.urszulin.eu\/index.php?rest_route=%2Fwp%2Fv2%2Fmedia&parent=98"}],"curies":[{"name":"wp","href":"https:\/\/api.w.org\/{rel}","templated":true}]}}